{"id":996506,"date":"2025-12-03T00:00:00","date_gmt":"2025-12-02T23:00:00","guid":{"rendered":"https:\/\/happygrandsparents.be\/?page_id=996506"},"modified":"2025-11-28T11:54:01","modified_gmt":"2025-11-28T10:54:01","slug":"adventskalender-3-december-2025","status":"publish","type":"page","link":"https:\/\/happygrandsparents.be\/nl\/adventskalender-3-december-2025\/","title":{"rendered":"Adventskalender &#8211; 3 december 2025"},"content":{"rendered":"\t\t<div data-elementor-type=\"wp-page\" data-elementor-id=\"996506\" class=\"elementor elementor-996506\" data-elementor-post-type=\"page\">\n\t\t\t\t<div class=\"elementor-element elementor-element-fa8c4d1 e-flex e-con-boxed e-con e-parent\" data-id=\"fa8c4d1\" data-element_type=\"container\" data-e-type=\"container\">\n\t\t\t\t\t<div class=\"e-con-inner\">\n\t\t\t\t<div class=\"elementor-element elementor-element-028f268 elementor-widget elementor-widget-text-editor\" data-id=\"028f268\" data-element_type=\"widget\" data-e-type=\"widget\" data-widget_type=\"text-editor.default\">\n\t\t\t\t<div class=\"elementor-widget-container\">\n\t\t\t\t\t\t\t\t\t<div class=\"flex-shrink-0 flex flex-col relative items-end\"><div><div class=\"pt-0\"><div class=\"gizmo-bot-avatar flex h-8 w-8 items-center justify-center overflow-hidden rounded-full\"><div class=\"relative p-1 rounded-sm flex items-center justify-center bg-token-main-surface-primary text-token-text-primary h-8 w-8\"><span style=\"color: var(--vamtam-widget-text-lighter); letter-spacing: var(--vamtam-primary-font-letter-spacing-desktop,normal); text-transform: var(--vamtam-primary-font-transform,none);\">Ho ho ho !!! \ud83c\udf84\ud83c\udf85\ud83c\udffc<\/span><\/div><\/div><\/div><\/div><\/div><div class=\"group\/conversation-turn relative flex w-full min-w-0 flex-col agent-turn\"><div class=\"flex-col gap-1 md:gap-3\"><div class=\"flex max-w-full flex-col flex-grow\"><div class=\"min-h-8 text-message flex w-full flex-col items-end gap-2 whitespace-normal break-words [.text-message+&amp;]:mt-5\" dir=\"auto\" data-message-author-role=\"assistant\" data-message-id=\"70be0913-10f8-4884-9e77-72d1f4bc7f30\" data-message-model-slug=\"gpt-4o-mini\"><div class=\"flex w-full flex-col gap-1 empty:hidden first:pt-[3px]\"><div class=\"markdown prose w-full break-words dark:prose-invert light\"><p>De kerstsfeer begint te fonkelen, en we hebben een magische verrassing voor je! Het is de derde dag van onze Adventskalender, en om dit prachtige avontuur te starten, hebben we een zoete verrassing voor je! \u2728\ud83c\udf81<\/p><p>Vandaag maak je kans op\u00a0 <em>Het Concept Kids spel <\/em>!\u00a0\ud83c\udf84<\/p><p>Om mee te doen, klik je simpelweg op het vakje van de dag en beantwoord je de vragen.<\/p><p>Veel succes en laat de magie van Kerst beginnen! \u2728<\/p><\/div><\/div><\/div><\/div><\/div><\/div>\t\t\t\t\t\t\t\t<\/div>\n\t\t\t\t<\/div>\n\t\t\t\t\t<\/div>\n\t\t\t\t<\/div>\n\t\t<div class=\"elementor-element elementor-element-7ffd25b e-flex e-con-boxed e-con e-parent\" data-id=\"7ffd25b\" data-element_type=\"container\" data-e-type=\"container\">\n\t\t\t\t\t<div class=\"e-con-inner\">\n\t\t\t\t<div class=\"elementor-element elementor-element-9d9481f elementor-widget elementor-widget-wpforms\" data-id=\"9d9481f\" data-element_type=\"widget\" data-e-type=\"widget\" data-widget_type=\"wpforms.default\">\n\t\t\t\t<div class=\"elementor-widget-container\">\n\t\t\t\t\t<div class=\"wpforms-container wpforms-render-modern\" id=\"wpforms-996218\"><form id=\"wpforms-form-996218\" class=\"wpforms-validate wpforms-form wpforms-ajax-form\" data-formid=\"996218\" method=\"post\" enctype=\"multipart\/form-data\" action=\"\/nl\/wp-json\/wp\/v2\/pages\/996506\" data-token=\"edd5c589258cc26a3b508066fbe10071\" data-token-time=\"1776583230\"><noscript class=\"wpforms-error-noscript\">Schakel JavaScript in je browser in om dit formulier in te vullen.<\/noscript><div id=\"wpforms-error-noscript\" style=\"display: none;\">Schakel JavaScript in je browser in om dit formulier in te vullen.<\/div><div class=\"wpforms-field-container\"><div id=\"wpforms-996218-field_7-container\" class=\"wpforms-field wpforms-field-name\" data-field-id=\"7\"><fieldset><legend class=\"wpforms-field-label\">Nom <span class=\"wpforms-required-label\" aria-hidden=\"true\">*<\/span><\/legend><div class=\"wpforms-field-row wpforms-field-medium\"><div class=\"wpforms-field-row-block wpforms-first wpforms-one-half\"><input type=\"text\" id=\"wpforms-996218-field_7\" class=\"wpforms-field-name-first wpforms-field-required\" name=\"wpforms[fields][7][first]\" aria-errormessage=\"wpforms-996218-field_7-error\" required><label for=\"wpforms-996218-field_7\" class=\"wpforms-field-sublabel after\">Pr\u00e9nom<\/label><\/div><div class=\"wpforms-field-row-block wpforms-one-half\"><input type=\"text\" id=\"wpforms-996218-field_7-last\" class=\"wpforms-field-name-last wpforms-field-required\" name=\"wpforms[fields][7][last]\" aria-errormessage=\"wpforms-996218-field_7-last-error\" required><label for=\"wpforms-996218-field_7-last\" class=\"wpforms-field-sublabel after\">Nom<\/label><\/div><\/div><\/fieldset><\/div><div id=\"wpforms-996218-field_8-container\" class=\"wpforms-field wpforms-field-email\" data-field-id=\"8\"><label class=\"wpforms-field-label\" for=\"wpforms-996218-field_8\">Adresse e-mail <span class=\"wpforms-required-label\" aria-hidden=\"true\">*<\/span><\/label><input type=\"email\" id=\"wpforms-996218-field_8\" class=\"wpforms-field-medium wpforms-field-required\" name=\"wpforms[fields][8]\" spellcheck=\"false\" aria-errormessage=\"wpforms-996218-field_8-error\" required><\/div><div id=\"wpforms-996218-field_6-container\" class=\"wpforms-field wpforms-field-radio\" data-field-id=\"6\"><fieldset><legend class=\"wpforms-field-label\">Concept kids est ... :<\/legend><ul id=\"wpforms-996218-field_6\"><li class=\"choice-1 depth-1\"><input type=\"radio\" id=\"wpforms-996218-field_6_1\" name=\"wpforms[fields][6]\" value=\"Un jeu vid\u00e9o\" aria-errormessage=\"wpforms-996218-field_6_1-error\"  ><label class=\"wpforms-field-label-inline\" for=\"wpforms-996218-field_6_1\">Un jeu vid\u00e9o<\/label><\/li><li class=\"choice-2 depth-1\"><input type=\"radio\" id=\"wpforms-996218-field_6_2\" name=\"wpforms[fields][6]\" value=\"Un jeu de soci\u00e9t\u00e9\" aria-errormessage=\"wpforms-996218-field_6_2-error\"  ><label class=\"wpforms-field-label-inline\" for=\"wpforms-996218-field_6_2\">Un jeu de soci\u00e9t\u00e9<\/label><\/li><li class=\"choice-9 depth-1\"><input type=\"radio\" id=\"wpforms-996218-field_6_9\" name=\"wpforms[fields][6]\" value=\"Un dessin anim\u00e9\" aria-errormessage=\"wpforms-996218-field_6_9-error\"  ><label class=\"wpforms-field-label-inline\" for=\"wpforms-996218-field_6_9\">Un dessin anim\u00e9<\/label><\/li><\/ul><\/fieldset><\/div><div id=\"wpforms-996218-field_14-container\" class=\"wpforms-field wpforms-field-checkbox\" data-field-id=\"14\"><fieldset><legend class=\"wpforms-field-label\">Question subsidiaire : O\u00f9 achetez-vous habituellement vos jeux de soci\u00e9t\u00e9 ? (Plusieurs choix possible) <\/legend><ul id=\"wpforms-996218-field_14\"><li class=\"choice-1 depth-1\"><input type=\"checkbox\" id=\"wpforms-996218-field_14_1\" name=\"wpforms[fields][14][]\" value=\"Boutiques sp\u00e9cialis\u00e9es\" aria-errormessage=\"wpforms-996218-field_14_1-error\"  ><label class=\"wpforms-field-label-inline\" for=\"wpforms-996218-field_14_1\">Boutiques sp\u00e9cialis\u00e9es<\/label><\/li><li class=\"choice-2 depth-1\"><input type=\"checkbox\" id=\"wpforms-996218-field_14_2\" name=\"wpforms[fields][14][]\" value=\"Grandes surfaces\" aria-errormessage=\"wpforms-996218-field_14_2-error\"  ><label class=\"wpforms-field-label-inline\" for=\"wpforms-996218-field_14_2\">Grandes surfaces<\/label><\/li><li class=\"choice-3 depth-1\"><input type=\"checkbox\" id=\"wpforms-996218-field_14_3\" name=\"wpforms[fields][14][]\" value=\"En ligne\" aria-errormessage=\"wpforms-996218-field_14_3-error\"  ><label class=\"wpforms-field-label-inline\" for=\"wpforms-996218-field_14_3\">En ligne<\/label><\/li><\/ul><\/fieldset><\/div><div id=\"wpforms-996218-field_13-container\" class=\"wpforms-field wpforms-field-number\" data-field-id=\"13\"><label class=\"wpforms-field-label\" for=\"wpforms-996218-field_13\"> Selon vous, combien de personnes participeront \u00e0 ce concours ? <\/label><input type=\"number\" id=\"wpforms-996218-field_13\" class=\"wpforms-field-medium\" name=\"wpforms[fields][13]\" step=\"any\" aria-errormessage=\"wpforms-996218-field_13-error\" ><\/div><\/div><!-- .wpforms-field-container --><div class=\"wpforms-submit-container\" ><input type=\"hidden\" name=\"wpforms[id]\" value=\"996218\"><input type=\"hidden\" name=\"page_title\" value=\"\"><input type=\"hidden\" name=\"page_url\" value=\"https:\/\/happygrandsparents.be\/nl\/wp-json\/wp\/v2\/pages\/996506\"><input type=\"hidden\" name=\"url_referer\" value=\"\"><button type=\"submit\" name=\"wpforms[submit]\" id=\"wpforms-submit-996218\" class=\"wpforms-submit\" data-alt-text=\"Envoi...\" data-submit-text=\"Participer \" aria-live=\"assertive\" value=\"wpforms-submit\">Participer <\/button><img decoding=\"async\" src=\"https:\/\/happygrandsparents.be\/wp-content\/plugins\/wpforms\/assets\/images\/submit-spin.svg\" class=\"wpforms-submit-spinner\" style=\"display: none;\" width=\"26\" height=\"26\" alt=\"Aan het laden\"><\/div><\/form><\/div>  <!-- .wpforms-container -->\t\t\t\t<\/div>\n\t\t\t\t<\/div>\n\t\t\t\t<div class=\"elementor-element elementor-element-9992dad elementor-widget elementor-widget-text-editor\" data-id=\"9992dad\" data-element_type=\"widget\" data-e-type=\"widget\" data-widget_type=\"text-editor.default\">\n\t\t\t\t<div class=\"elementor-widget-container\">\n\t\t\t\t\t\t\t\t\t<p>Algemene voorwaarden : <a href=\"https:\/\/happygrandsparents.be\/nl\/wedstrijdreglement\/\">https:\/\/happygrandsparents.be\/nl\/wedstrijdreglement\/<\/a><\/p>\t\t\t\t\t\t\t\t<\/div>\n\t\t\t\t<\/div>\n\t\t\t\t\t<\/div>\n\t\t\t\t<\/div>\n\t\t\t\t<\/div>\n\t\t","protected":false},"excerpt":{"rendered":"<p>Ho ho ho !!! \ud83c\udf84\ud83c\udf85\ud83c\udffc De kerstsfeer begint te fonkelen, en we hebben een magische verrassing voor je! Het is de derde dag van onze Adventskalender, en om dit prachtige&#8230;<\/p>\n","protected":false},"author":7,"featured_media":996376,"parent":0,"menu_order":0,"comment_status":"closed","ping_status":"closed","template":"","meta":{"footnotes":""},"class_list":["post-996506","page","type-page","status-publish","has-post-thumbnail","hentry"],"yoast_head":"<!-- This site is optimized with the Yoast SEO Premium plugin v20.5 (Yoast SEO v27.4) - https:\/\/yoast.com\/product\/yoast-seo-premium-wordpress\/ -->\n<title>Adventskalender - 3 december 2025 - HappyGrandsParents.be<\/title>\n<meta name=\"robots\" content=\"index, follow, max-snippet:-1, max-image-preview:large, max-video-preview:-1\" \/>\n<link rel=\"canonical\" href=\"https:\/\/happygrandsparents.be\/nl\/adventskalender-3-december-2025\/\" \/>\n<meta property=\"og:locale\" content=\"nl_NL\" \/>\n<meta property=\"og:type\" content=\"article\" \/>\n<meta property=\"og:title\" content=\"Adventskalender - 3 december 2025\" \/>\n<meta property=\"og:description\" content=\"Ho ho ho !!! \ud83c\udf84\ud83c\udf85\ud83c\udffc De kerstsfeer begint te fonkelen, en we hebben een magische verrassing voor je! Het is de derde dag van onze Adventskalender, en om dit prachtige...\" \/>\n<meta property=\"og:url\" content=\"https:\/\/happygrandsparents.be\/nl\/adventskalender-3-december-2025\/\" \/>\n<meta property=\"og:site_name\" content=\"HappyGrandsParents.be\" \/>\n<meta property=\"og:image\" content=\"https:\/\/happygrandsparents.be\/wp-content\/uploads\/2025\/11\/6-scaled.png\" \/>\n\t<meta property=\"og:image:width\" content=\"2560\" \/>\n\t<meta property=\"og:image:height\" content=\"1439\" \/>\n\t<meta property=\"og:image:type\" content=\"image\/png\" \/>\n<meta name=\"twitter:card\" content=\"summary_large_image\" \/>\n<meta name=\"twitter:label1\" content=\"Geschatte leestijd\" \/>\n\t<meta name=\"twitter:data1\" content=\"1 minuut\" \/>\n<script type=\"application\/ld+json\" class=\"yoast-schema-graph\">{\"@context\":\"https:\\\/\\\/schema.org\",\"@graph\":[{\"@type\":\"WebPage\",\"@id\":\"https:\\\/\\\/happygrandsparents.be\\\/nl\\\/adventskalender-3-december-2025\\\/\",\"url\":\"https:\\\/\\\/happygrandsparents.be\\\/nl\\\/adventskalender-3-december-2025\\\/\",\"name\":\"Adventskalender - 3 december 2025 - HappyGrandsParents.be\",\"isPartOf\":{\"@id\":\"https:\\\/\\\/happygrandsparents.be\\\/#website\"},\"primaryImageOfPage\":{\"@id\":\"https:\\\/\\\/happygrandsparents.be\\\/nl\\\/adventskalender-3-december-2025\\\/#primaryimage\"},\"image\":{\"@id\":\"https:\\\/\\\/happygrandsparents.be\\\/nl\\\/adventskalender-3-december-2025\\\/#primaryimage\"},\"thumbnailUrl\":\"https:\\\/\\\/happygrandsparents.be\\\/wp-content\\\/uploads\\\/2025\\\/11\\\/6-scaled.png\",\"datePublished\":\"2025-12-02T23:00:00+00:00\",\"breadcrumb\":{\"@id\":\"https:\\\/\\\/happygrandsparents.be\\\/nl\\\/adventskalender-3-december-2025\\\/#breadcrumb\"},\"inLanguage\":\"nl-NL\",\"potentialAction\":[{\"@type\":\"ReadAction\",\"target\":[\"https:\\\/\\\/happygrandsparents.be\\\/nl\\\/adventskalender-3-december-2025\\\/\"]}]},{\"@type\":\"ImageObject\",\"inLanguage\":\"nl-NL\",\"@id\":\"https:\\\/\\\/happygrandsparents.be\\\/nl\\\/adventskalender-3-december-2025\\\/#primaryimage\",\"url\":\"https:\\\/\\\/happygrandsparents.be\\\/wp-content\\\/uploads\\\/2025\\\/11\\\/6-scaled.png\",\"contentUrl\":\"https:\\\/\\\/happygrandsparents.be\\\/wp-content\\\/uploads\\\/2025\\\/11\\\/6-scaled.png\",\"width\":2560,\"height\":1439},{\"@type\":\"BreadcrumbList\",\"@id\":\"https:\\\/\\\/happygrandsparents.be\\\/nl\\\/adventskalender-3-december-2025\\\/#breadcrumb\",\"itemListElement\":[{\"@type\":\"ListItem\",\"position\":1,\"name\":\"Accueil\",\"item\":\"https:\\\/\\\/happygrandsparents.be\\\/nl\\\/\"},{\"@type\":\"ListItem\",\"position\":2,\"name\":\"Adventskalender &#8211; 3 december 2025\"}]},{\"@type\":\"WebSite\",\"@id\":\"https:\\\/\\\/happygrandsparents.be\\\/#website\",\"url\":\"https:\\\/\\\/happygrandsparents.be\\\/\",\"name\":\"HappyGrandsParents.be\",\"description\":\"Le magazine des grands-parents en Belgique\",\"publisher\":{\"@id\":\"https:\\\/\\\/happygrandsparents.be\\\/#organization\"},\"potentialAction\":[{\"@type\":\"SearchAction\",\"target\":{\"@type\":\"EntryPoint\",\"urlTemplate\":\"https:\\\/\\\/happygrandsparents.be\\\/?s={search_term_string}\"},\"query-input\":{\"@type\":\"PropertyValueSpecification\",\"valueRequired\":true,\"valueName\":\"search_term_string\"}}],\"inLanguage\":\"nl-NL\"},{\"@type\":\"Organization\",\"@id\":\"https:\\\/\\\/happygrandsparents.be\\\/#organization\",\"name\":\"HappyGrandsParents.be\",\"url\":\"https:\\\/\\\/happygrandsparents.be\\\/\",\"logo\":{\"@type\":\"ImageObject\",\"inLanguage\":\"nl-NL\",\"@id\":\"https:\\\/\\\/happygrandsparents.be\\\/#\\\/schema\\\/logo\\\/image\\\/\",\"url\":\"https:\\\/\\\/happygrandsparents.be\\\/wp-content\\\/uploads\\\/2023\\\/10\\\/logo-happy-grands-parents.svg\",\"contentUrl\":\"https:\\\/\\\/happygrandsparents.be\\\/wp-content\\\/uploads\\\/2023\\\/10\\\/logo-happy-grands-parents.svg\",\"caption\":\"HappyGrandsParents.be\"},\"image\":{\"@id\":\"https:\\\/\\\/happygrandsparents.be\\\/#\\\/schema\\\/logo\\\/image\\\/\"}}]}<\/script>\n<!-- \/ Yoast SEO Premium plugin. -->","yoast_head_json":{"title":"Adventskalender - 3 december 2025 - HappyGrandsParents.be","robots":{"index":"index","follow":"follow","max-snippet":"max-snippet:-1","max-image-preview":"max-image-preview:large","max-video-preview":"max-video-preview:-1"},"canonical":"https:\/\/happygrandsparents.be\/nl\/adventskalender-3-december-2025\/","og_locale":"nl_NL","og_type":"article","og_title":"Adventskalender - 3 december 2025","og_description":"Ho ho ho !!! \ud83c\udf84\ud83c\udf85\ud83c\udffc De kerstsfeer begint te fonkelen, en we hebben een magische verrassing voor je! Het is de derde dag van onze Adventskalender, en om dit prachtige...","og_url":"https:\/\/happygrandsparents.be\/nl\/adventskalender-3-december-2025\/","og_site_name":"HappyGrandsParents.be","og_image":[{"width":2560,"height":1439,"url":"https:\/\/happygrandsparents.be\/wp-content\/uploads\/2025\/11\/6-scaled.png","type":"image\/png"}],"twitter_card":"summary_large_image","twitter_misc":{"Geschatte leestijd":"1 minuut"},"schema":{"@context":"https:\/\/schema.org","@graph":[{"@type":"WebPage","@id":"https:\/\/happygrandsparents.be\/nl\/adventskalender-3-december-2025\/","url":"https:\/\/happygrandsparents.be\/nl\/adventskalender-3-december-2025\/","name":"Adventskalender - 3 december 2025 - HappyGrandsParents.be","isPartOf":{"@id":"https:\/\/happygrandsparents.be\/#website"},"primaryImageOfPage":{"@id":"https:\/\/happygrandsparents.be\/nl\/adventskalender-3-december-2025\/#primaryimage"},"image":{"@id":"https:\/\/happygrandsparents.be\/nl\/adventskalender-3-december-2025\/#primaryimage"},"thumbnailUrl":"https:\/\/happygrandsparents.be\/wp-content\/uploads\/2025\/11\/6-scaled.png","datePublished":"2025-12-02T23:00:00+00:00","breadcrumb":{"@id":"https:\/\/happygrandsparents.be\/nl\/adventskalender-3-december-2025\/#breadcrumb"},"inLanguage":"nl-NL","potentialAction":[{"@type":"ReadAction","target":["https:\/\/happygrandsparents.be\/nl\/adventskalender-3-december-2025\/"]}]},{"@type":"ImageObject","inLanguage":"nl-NL","@id":"https:\/\/happygrandsparents.be\/nl\/adventskalender-3-december-2025\/#primaryimage","url":"https:\/\/happygrandsparents.be\/wp-content\/uploads\/2025\/11\/6-scaled.png","contentUrl":"https:\/\/happygrandsparents.be\/wp-content\/uploads\/2025\/11\/6-scaled.png","width":2560,"height":1439},{"@type":"BreadcrumbList","@id":"https:\/\/happygrandsparents.be\/nl\/adventskalender-3-december-2025\/#breadcrumb","itemListElement":[{"@type":"ListItem","position":1,"name":"Accueil","item":"https:\/\/happygrandsparents.be\/nl\/"},{"@type":"ListItem","position":2,"name":"Adventskalender &#8211; 3 december 2025"}]},{"@type":"WebSite","@id":"https:\/\/happygrandsparents.be\/#website","url":"https:\/\/happygrandsparents.be\/","name":"HappyGrandsParents.be","description":"Le magazine des grands-parents en Belgique","publisher":{"@id":"https:\/\/happygrandsparents.be\/#organization"},"potentialAction":[{"@type":"SearchAction","target":{"@type":"EntryPoint","urlTemplate":"https:\/\/happygrandsparents.be\/?s={search_term_string}"},"query-input":{"@type":"PropertyValueSpecification","valueRequired":true,"valueName":"search_term_string"}}],"inLanguage":"nl-NL"},{"@type":"Organization","@id":"https:\/\/happygrandsparents.be\/#organization","name":"HappyGrandsParents.be","url":"https:\/\/happygrandsparents.be\/","logo":{"@type":"ImageObject","inLanguage":"nl-NL","@id":"https:\/\/happygrandsparents.be\/#\/schema\/logo\/image\/","url":"https:\/\/happygrandsparents.be\/wp-content\/uploads\/2023\/10\/logo-happy-grands-parents.svg","contentUrl":"https:\/\/happygrandsparents.be\/wp-content\/uploads\/2023\/10\/logo-happy-grands-parents.svg","caption":"HappyGrandsParents.be"},"image":{"@id":"https:\/\/happygrandsparents.be\/#\/schema\/logo\/image\/"}}]}},"_links":{"self":[{"href":"https:\/\/happygrandsparents.be\/nl\/wp-json\/wp\/v2\/pages\/996506","targetHints":{"allow":["GET"]}}],"collection":[{"href":"https:\/\/happygrandsparents.be\/nl\/wp-json\/wp\/v2\/pages"}],"about":[{"href":"https:\/\/happygrandsparents.be\/nl\/wp-json\/wp\/v2\/types\/page"}],"author":[{"embeddable":true,"href":"https:\/\/happygrandsparents.be\/nl\/wp-json\/wp\/v2\/users\/7"}],"replies":[{"embeddable":true,"href":"https:\/\/happygrandsparents.be\/nl\/wp-json\/wp\/v2\/comments?post=996506"}],"version-history":[{"count":4,"href":"https:\/\/happygrandsparents.be\/nl\/wp-json\/wp\/v2\/pages\/996506\/revisions"}],"predecessor-version":[{"id":996510,"href":"https:\/\/happygrandsparents.be\/nl\/wp-json\/wp\/v2\/pages\/996506\/revisions\/996510"}],"wp:featuredmedia":[{"embeddable":true,"href":"https:\/\/happygrandsparents.be\/nl\/wp-json\/wp\/v2\/media\/996376"}],"wp:attachment":[{"href":"https:\/\/happygrandsparents.be\/nl\/wp-json\/wp\/v2\/media?parent=996506"}],"curies":[{"name":"wp","href":"https:\/\/api.w.org\/{rel}","templated":true}]}}