{"id":995601,"date":"2025-02-26T10:02:38","date_gmt":"2025-02-26T09:02:38","guid":{"rendered":"https:\/\/happygrandsparents.be\/?page_id=995601"},"modified":"2025-02-26T10:07:49","modified_gmt":"2025-02-26T09:07:49","slug":"wedstrijd-grootmoederdag","status":"publish","type":"page","link":"https:\/\/happygrandsparents.be\/nl\/wedstrijd-grootmoederdag\/","title":{"rendered":"Wedstrijd Grootmoederdag"},"content":{"rendered":"\t\t<div data-elementor-type=\"wp-page\" data-elementor-id=\"995601\" class=\"elementor elementor-995601\" data-elementor-post-type=\"page\">\n\t\t\t\t<div class=\"elementor-element elementor-element-6d8e0c7 e-flex e-con-boxed e-con e-parent\" data-id=\"6d8e0c7\" data-element_type=\"container\" data-e-type=\"container\">\n\t\t\t\t\t<div class=\"e-con-inner\">\n\t\t<div class=\"elementor-element elementor-element-b91b25d e-con-full e-flex e-con e-child\" data-id=\"b91b25d\" data-element_type=\"container\" data-e-type=\"container\">\n\t\t\t\t<\/div>\n\t\t<div class=\"elementor-element elementor-element-6814897 e-con-full e-flex e-con e-child\" data-id=\"6814897\" data-element_type=\"container\" data-e-type=\"container\">\n\t\t\t\t<div class=\"elementor-element elementor-element-54733fb elementor-widget-tablet__width-initial elementor-widget elementor-widget-image\" data-id=\"54733fb\" data-element_type=\"widget\" data-e-type=\"widget\" data-widget_type=\"image.default\">\n\t\t\t\t<div class=\"elementor-widget-container\">\n\t\t\t\t\t\t\t\t\t\t\t\t\t\t\t<img fetchpriority=\"high\" decoding=\"async\" width=\"1024\" height=\"395\" src=\"https:\/\/happygrandsparents.be\/wp-content\/uploads\/2024\/12\/c49ed9-erborian-1-1024x395.png\" class=\"attachment-large size-large wp-image-995035\" alt=\"\" srcset=\"https:\/\/happygrandsparents.be\/wp-content\/uploads\/2024\/12\/c49ed9-erborian-1-1024x395.png 1024w, https:\/\/happygrandsparents.be\/wp-content\/uploads\/2024\/12\/c49ed9-erborian-1-300x116.png 300w, https:\/\/happygrandsparents.be\/wp-content\/uploads\/2024\/12\/c49ed9-erborian-1-768x296.png 768w, https:\/\/happygrandsparents.be\/wp-content\/uploads\/2024\/12\/c49ed9-erborian-1-1260x485.png 1260w, https:\/\/happygrandsparents.be\/wp-content\/uploads\/2024\/12\/c49ed9-erborian-1-630x243.png 630w, https:\/\/happygrandsparents.be\/wp-content\/uploads\/2024\/12\/c49ed9-erborian-1.png 1482w\" sizes=\"(max-width: 1024px) 100vw, 1024px\" \/>\t\t\t\t\t\t\t\t\t\t\t\t\t\t\t<\/div>\n\t\t\t\t<\/div>\n\t\t\t\t<\/div>\n\t\t<div class=\"elementor-element elementor-element-23757be e-con-full e-flex e-con e-child\" data-id=\"23757be\" data-element_type=\"container\" data-e-type=\"container\">\n\t\t\t\t<\/div>\n\t\t\t\t\t<\/div>\n\t\t\t\t<\/div>\n\t\t<div class=\"elementor-element elementor-element-3e7c09b e-flex e-con-boxed e-con e-parent\" data-id=\"3e7c09b\" data-element_type=\"container\" data-e-type=\"container\">\n\t\t\t\t\t<div class=\"e-con-inner\">\n\t\t<div class=\"elementor-element elementor-element-d5c1212 e-con-full e-flex e-con e-child\" data-id=\"d5c1212\" data-element_type=\"container\" data-e-type=\"container\">\n\t\t\t\t<\/div>\n\t\t<div class=\"elementor-element elementor-element-a4a1b49 e-con-full e-flex e-con e-child\" data-id=\"a4a1b49\" data-element_type=\"container\" data-e-type=\"container\">\n\t\t\t\t<div class=\"elementor-element elementor-element-c3da2a7 elementor-widget elementor-widget-spacer\" data-id=\"c3da2a7\" data-element_type=\"widget\" data-e-type=\"widget\" data-widget_type=\"spacer.default\">\n\t\t\t\t<div class=\"elementor-widget-container\">\n\t\t\t\t\t\t\t<div class=\"elementor-spacer\">\n\t\t\t<div class=\"elementor-spacer-inner\"><\/div>\n\t\t<\/div>\n\t\t\t\t\t\t<\/div>\n\t\t\t\t<\/div>\n\t\t\t\t<div class=\"elementor-element elementor-element-b111f2b elementor-widget elementor-widget-text-editor\" data-id=\"b111f2b\" data-element_type=\"widget\" data-e-type=\"widget\" data-widget_type=\"text-editor.default\">\n\t\t\t\t<div class=\"elementor-widget-container\">\n\t\t\t\t\t\t\t\t\t<h3>Grootmoederdagwedstrijd met Erborian<\/h3>\n<p>Grootmoederdag is een speciaal moment om de liefde, nabijheid en kostbare momenten tussen grootmoeders en hun kleinkinderen te vieren. Om deze gelegenheid een vleugje schoonheid en lieflijkheid te geven, werkt Erborian dit jaar samen met Happygrandsparents.be om huidverzorgingsproducten aan te bieden die je helpen om ten volle van het leven te genieten en tegelijkertijd goed voor jezelf te zorgen. Omdat elke grootmoeder het verdient om zich mooi en voldaan te voelen, is Erborian er om deze geluksmomenten te versterken.<\/p>\n<h3 data-start=\"569\" data-end=\"593\">Hoe kun je deelnemen?<\/h3>\n<p data-start=\"595\" data-end=\"915\">Het is zo makkelijk! Je hoeft alleen maar de onderstaande vragen te beantwoorden om kans te maken op een geweldig cadeau. Test je kennis en vergeet niet alle benodigde informatie in te vullen. Jij kunt de gelukkige winnaar zijn van een pakket Erborian producten, speciaal voor jou geselecteerd.<\/p>\n<h3><strong>Over Erborian<\/strong><\/h3>\n<p>Ontwikkeld in Seoel \u2013 de bakermat van cosmetische innovatie \u2013 combineren onze verzorgingsproducten eeuwenoude Koreaanse traditie met de nieuwste geavanceerde technologie\u00ebn. Dankzij innovatieve formules, waarin krachtige natuurlijke ingredi\u00ebnten en hightech samenkomen, biedt het merk effectieve en sensori\u00eble verzorging om elke huid te laten stralen. Hydraterende cr\u00e8mes, serums, reinigers \u2013 elk product is een moment van schoonheid, verzorging en een boost voor je zelfvertrouwen.<\/p>\t\t\t\t\t\t\t\t<\/div>\n\t\t\t\t<\/div>\n\t\t\t\t<div class=\"elementor-element elementor-element-34d907f elementor-align-center elementor-widget elementor-widget-button\" data-id=\"34d907f\" data-element_type=\"widget\" data-e-type=\"widget\" data-widget_type=\"button.default\">\n\t\t\t\t<div class=\"elementor-widget-container\">\n\t\t\t\t\t\t\t\t\t<div class=\"elementor-button-wrapper\">\n\t\t\t\t\t<a class=\"elementor-button elementor-button-link elementor-size-sm\" href=\"https:\/\/happygrandsparents.be\/erborian-prendre-soin-de-sa-peau\/\">\n\t\t\t\t\t\t<span class=\"elementor-button-content-wrapper\">\n\t\t\t\t\t\t\t\t\t<span class=\"elementor-button-text\">Ontdek het merk Erborian<\/span>\n\t\t\t\t\t<\/span>\n\t\t\t\t\t<\/a>\n\t\t\t\t<\/div>\n\t\t\t\t\t\t\t\t<\/div>\n\t\t\t\t<\/div>\n\t\t\t\t<\/div>\n\t\t<div class=\"elementor-element elementor-element-1cb6ead e-con-full e-flex e-con e-child\" data-id=\"1cb6ead\" data-element_type=\"container\" data-e-type=\"container\">\n\t\t\t\t<\/div>\n\t\t\t\t\t<\/div>\n\t\t\t\t<\/div>\n\t\t<div class=\"elementor-element elementor-element-fa8c4d1 e-flex e-con-boxed e-con e-parent\" data-id=\"fa8c4d1\" data-element_type=\"container\" data-e-type=\"container\">\n\t\t\t\t\t<div class=\"e-con-inner\">\n\t\t\t\t<div class=\"elementor-element elementor-element-32cf305 elementor-widget elementor-widget-image\" data-id=\"32cf305\" data-element_type=\"widget\" data-e-type=\"widget\" data-widget_type=\"image.default\">\n\t\t\t\t<div class=\"elementor-widget-container\">\n\t\t\t\t\t\t\t\t\t\t\t\t\t\t\t<img decoding=\"async\" width=\"1536\" height=\"864\" src=\"https:\/\/happygrandsparents.be\/wp-content\/uploads\/2025\/02\/AVENT-PARTICIPATIONS-FRNL-1-1536x864.png\" class=\"attachment-1536x1536 size-1536x1536 wp-image-995603\" alt=\"\" srcset=\"https:\/\/happygrandsparents.be\/wp-content\/uploads\/2025\/02\/AVENT-PARTICIPATIONS-FRNL-1-1536x864.png 1536w, https:\/\/happygrandsparents.be\/wp-content\/uploads\/2025\/02\/AVENT-PARTICIPATIONS-FRNL-1-300x169.png 300w, https:\/\/happygrandsparents.be\/wp-content\/uploads\/2025\/02\/AVENT-PARTICIPATIONS-FRNL-1-1024x576.png 1024w, https:\/\/happygrandsparents.be\/wp-content\/uploads\/2025\/02\/AVENT-PARTICIPATIONS-FRNL-1-768x432.png 768w, https:\/\/happygrandsparents.be\/wp-content\/uploads\/2025\/02\/AVENT-PARTICIPATIONS-FRNL-1-2048x1152.png 2048w, https:\/\/happygrandsparents.be\/wp-content\/uploads\/2025\/02\/AVENT-PARTICIPATIONS-FRNL-1-1260x708.png 1260w, https:\/\/happygrandsparents.be\/wp-content\/uploads\/2025\/02\/AVENT-PARTICIPATIONS-FRNL-1-630x354.png 630w\" sizes=\"(max-width: 1536px) 100vw, 1536px\" \/>\t\t\t\t\t\t\t\t\t\t\t\t\t\t\t<\/div>\n\t\t\t\t<\/div>\n\t\t\t\t\t<\/div>\n\t\t\t\t<\/div>\n\t\t<div class=\"elementor-element elementor-element-7ffd25b e-flex e-con-boxed e-con e-parent\" data-id=\"7ffd25b\" data-element_type=\"container\" data-e-type=\"container\">\n\t\t\t\t\t<div class=\"e-con-inner\">\n\t\t\t\t<div class=\"elementor-element elementor-element-9d9481f elementor-widget elementor-widget-wpforms\" data-id=\"9d9481f\" data-element_type=\"widget\" data-e-type=\"widget\" data-widget_type=\"wpforms.default\">\n\t\t\t\t<div class=\"elementor-widget-container\">\n\t\t\t\t\t<div class=\"wpforms-container wpforms-render-modern\" id=\"wpforms-995598\"><form id=\"wpforms-form-995598\" class=\"wpforms-validate wpforms-form wpforms-ajax-form\" data-formid=\"995598\" method=\"post\" enctype=\"multipart\/form-data\" action=\"\/nl\/wp-json\/wp\/v2\/pages\/995601\" data-token=\"642ae9432c566a84c2a4ed89c81319f7\" data-token-time=\"1776871745\"><noscript class=\"wpforms-error-noscript\">Schakel JavaScript in je browser in om dit formulier in te vullen.<\/noscript><div id=\"wpforms-error-noscript\" style=\"display: none;\">Schakel JavaScript in je browser in om dit formulier in te vullen.<\/div><div class=\"wpforms-field-container\"><div id=\"wpforms-995598-field_7-container\" class=\"wpforms-field wpforms-field-name\" data-field-id=\"7\"><fieldset><legend class=\"wpforms-field-label\">Naam <span class=\"wpforms-required-label\" aria-hidden=\"true\">*<\/span><\/legend><div class=\"wpforms-field-row wpforms-field-medium\"><div class=\"wpforms-field-row-block wpforms-first wpforms-one-half\"><input type=\"text\" id=\"wpforms-995598-field_7\" class=\"wpforms-field-name-first wpforms-field-required\" name=\"wpforms[fields][7][first]\" aria-errormessage=\"wpforms-995598-field_7-error\" required><label for=\"wpforms-995598-field_7\" class=\"wpforms-field-sublabel after\">Pr\u00e9nom<\/label><\/div><div class=\"wpforms-field-row-block wpforms-one-half\"><input type=\"text\" id=\"wpforms-995598-field_7-last\" class=\"wpforms-field-name-last wpforms-field-required\" name=\"wpforms[fields][7][last]\" aria-errormessage=\"wpforms-995598-field_7-last-error\" required><label for=\"wpforms-995598-field_7-last\" class=\"wpforms-field-sublabel after\">Nom<\/label><\/div><\/div><\/fieldset><\/div><div id=\"wpforms-995598-field_8-container\" class=\"wpforms-field wpforms-field-email\" data-field-id=\"8\"><label class=\"wpforms-field-label\" for=\"wpforms-995598-field_8\">E-mailadres <span class=\"wpforms-required-label\" aria-hidden=\"true\">*<\/span><\/label><input type=\"email\" id=\"wpforms-995598-field_8\" class=\"wpforms-field-medium wpforms-field-required\" name=\"wpforms[fields][8]\" spellcheck=\"false\" aria-errormessage=\"wpforms-995598-field_8-error\" required><\/div><div id=\"wpforms-995598-field_6-container\" class=\"wpforms-field wpforms-field-radio\" data-field-id=\"6\"><fieldset><legend class=\"wpforms-field-label\">Erborian is een merk van? <\/legend><ul id=\"wpforms-995598-field_6\"><li class=\"choice-1 depth-1\"><input type=\"radio\" id=\"wpforms-995598-field_6_1\" name=\"wpforms[fields][6]\" value=\"Meubilair\" aria-errormessage=\"wpforms-995598-field_6_1-error\"  ><label class=\"wpforms-field-label-inline\" for=\"wpforms-995598-field_6_1\">Meubilair<\/label><\/li><li class=\"choice-2 depth-1\"><input type=\"radio\" id=\"wpforms-995598-field_6_2\" name=\"wpforms[fields][6]\" value=\"Cosmetica\" aria-errormessage=\"wpforms-995598-field_6_2-error\"  ><label class=\"wpforms-field-label-inline\" for=\"wpforms-995598-field_6_2\">Cosmetica<\/label><\/li><li class=\"choice-9 depth-1\"><input type=\"radio\" id=\"wpforms-995598-field_6_9\" name=\"wpforms[fields][6]\" value=\"Kleding\" aria-errormessage=\"wpforms-995598-field_6_9-error\"  ><label class=\"wpforms-field-label-inline\" for=\"wpforms-995598-field_6_9\">Kleding<\/label><\/li><\/ul><\/fieldset><\/div><div id=\"wpforms-995598-field_14-container\" class=\"wpforms-field wpforms-field-checkbox\" data-field-id=\"14\"><fieldset><legend class=\"wpforms-field-label\">Welke cosmetica\/verzorgingsproducten gebruik je? (meerdere keuzes mogelijk)<\/legend><ul id=\"wpforms-995598-field_14\"><li class=\"choice-1 depth-1\"><input type=\"checkbox\" id=\"wpforms-995598-field_14_1\" name=\"wpforms[fields][14][]\" value=\"Zonnecr\u00e8me SPF\" aria-errormessage=\"wpforms-995598-field_14_1-error\"  ><label class=\"wpforms-field-label-inline\" for=\"wpforms-995598-field_14_1\">Zonnecr\u00e8me SPF<\/label><\/li><li class=\"choice-2 depth-1\"><input type=\"checkbox\" id=\"wpforms-995598-field_14_2\" name=\"wpforms[fields][14][]\" value=\"Dagcr\u00e8me\" aria-errormessage=\"wpforms-995598-field_14_2-error\"  ><label class=\"wpforms-field-label-inline\" for=\"wpforms-995598-field_14_2\">Dagcr\u00e8me<\/label><\/li><li class=\"choice-3 depth-1\"><input type=\"checkbox\" id=\"wpforms-995598-field_14_3\" name=\"wpforms[fields][14][]\" value=\"Nachtcr\u00e8me\" aria-errormessage=\"wpforms-995598-field_14_3-error\"  ><label class=\"wpforms-field-label-inline\" for=\"wpforms-995598-field_14_3\">Nachtcr\u00e8me<\/label><\/li><li class=\"choice-6 depth-1\"><input type=\"checkbox\" id=\"wpforms-995598-field_14_6\" name=\"wpforms[fields][14][]\" value=\"Handcr\u00e8me\" aria-errormessage=\"wpforms-995598-field_14_6-error\"  ><label class=\"wpforms-field-label-inline\" for=\"wpforms-995598-field_14_6\">Handcr\u00e8me<\/label><\/li><li class=\"choice-5 depth-1\"><input type=\"checkbox\" id=\"wpforms-995598-field_14_5\" name=\"wpforms[fields][14][]\" value=\"BB cr\u00e8me\" aria-errormessage=\"wpforms-995598-field_14_5-error\"  ><label class=\"wpforms-field-label-inline\" for=\"wpforms-995598-field_14_5\">BB cr\u00e8me<\/label><\/li><li class=\"choice-4 depth-1\"><input type=\"checkbox\" id=\"wpforms-995598-field_14_4\" name=\"wpforms[fields][14][]\" value=\"CC cr\u00e8me\" aria-errormessage=\"wpforms-995598-field_14_4-error\"  ><label class=\"wpforms-field-label-inline\" for=\"wpforms-995598-field_14_4\">CC cr\u00e8me<\/label><\/li><li class=\"choice-8 depth-1\"><input type=\"checkbox\" id=\"wpforms-995598-field_14_8\" name=\"wpforms[fields][14][]\" value=\"S\u00e9rum\" aria-errormessage=\"wpforms-995598-field_14_8-error\"  ><label class=\"wpforms-field-label-inline\" for=\"wpforms-995598-field_14_8\">S\u00e9rum<\/label><\/li><li class=\"choice-9 depth-1\"><input type=\"checkbox\" id=\"wpforms-995598-field_14_9\" name=\"wpforms[fields][14][]\" value=\"Oogcontourcr\u00e8me\" aria-errormessage=\"wpforms-995598-field_14_9-error\"  ><label class=\"wpforms-field-label-inline\" for=\"wpforms-995598-field_14_9\">Oogcontourcr\u00e8me<\/label><\/li><li class=\"choice-10 depth-1\"><input type=\"checkbox\" id=\"wpforms-995598-field_14_10\" name=\"wpforms[fields][14][]\" value=\"Lippenbalsem\" aria-errormessage=\"wpforms-995598-field_14_10-error\"  ><label class=\"wpforms-field-label-inline\" for=\"wpforms-995598-field_14_10\">Lippenbalsem<\/label><\/li><li class=\"choice-11 depth-1\"><input type=\"checkbox\" id=\"wpforms-995598-field_14_11\" name=\"wpforms[fields][14][]\" value=\"Maskers\" aria-errormessage=\"wpforms-995598-field_14_11-error\"  ><label class=\"wpforms-field-label-inline\" for=\"wpforms-995598-field_14_11\">Maskers<\/label><\/li><\/ul><\/fieldset><\/div><div id=\"wpforms-995598-field_13-container\" class=\"wpforms-field wpforms-field-number\" data-field-id=\"13\"><label class=\"wpforms-field-label\" for=\"wpforms-995598-field_13\">Hoeveel mensen denk je dat zullen deelnemen aan deze wedstrijd?<\/label><input type=\"number\" id=\"wpforms-995598-field_13\" class=\"wpforms-field-medium\" name=\"wpforms[fields][13]\" step=\"any\" aria-errormessage=\"wpforms-995598-field_13-error\" ><\/div><\/div><!-- .wpforms-field-container --><div class=\"wpforms-submit-container\" ><input type=\"hidden\" name=\"wpforms[id]\" value=\"995598\"><input type=\"hidden\" name=\"page_title\" value=\"\"><input type=\"hidden\" name=\"page_url\" value=\"https:\/\/happygrandsparents.be\/nl\/wp-json\/wp\/v2\/pages\/995601\"><input type=\"hidden\" name=\"url_referer\" value=\"\"><button type=\"submit\" name=\"wpforms[submit]\" id=\"wpforms-submit-995598\" class=\"wpforms-submit\" data-alt-text=\"Envoi...\" data-submit-text=\"Deelnemen\" aria-live=\"assertive\" value=\"wpforms-submit\">Deelnemen<\/button><img decoding=\"async\" src=\"https:\/\/happygrandsparents.be\/wp-content\/plugins\/wpforms\/assets\/images\/submit-spin.svg\" class=\"wpforms-submit-spinner\" style=\"display: none;\" width=\"26\" height=\"26\" alt=\"Aan het laden\"><\/div><\/form><\/div>  <!-- .wpforms-container -->\t\t\t\t<\/div>\n\t\t\t\t<\/div>\n\t\t\t\t\t<\/div>\n\t\t\t\t<\/div>\n\t\t\t\t<\/div>\n\t\t","protected":false},"excerpt":{"rendered":"<p>Grootmoederdagwedstrijd met Erborian Grootmoederdag is een speciaal moment om de liefde, nabijheid en kostbare momenten tussen grootmoeders en hun kleinkinderen te vieren. Om deze gelegenheid een vleugje schoonheid en lieflijkheid&#8230;<\/p>\n","protected":false},"author":7,"featured_media":995602,"parent":0,"menu_order":0,"comment_status":"closed","ping_status":"closed","template":"","meta":{"footnotes":""},"class_list":["post-995601","page","type-page","status-publish","has-post-thumbnail","hentry"],"yoast_head":"<!-- This site is optimized with the Yoast SEO Premium plugin v20.5 (Yoast SEO v27.4) - https:\/\/yoast.com\/product\/yoast-seo-premium-wordpress\/ -->\n<title>Wedstrijd Grootmoederdag - HappyGrandsParents.be<\/title>\n<meta name=\"robots\" content=\"index, follow, max-snippet:-1, max-image-preview:large, max-video-preview:-1\" \/>\n<link rel=\"canonical\" href=\"https:\/\/happygrandsparents.be\/nl\/wedstrijd-grootmoederdag\/\" \/>\n<meta property=\"og:locale\" content=\"nl_NL\" \/>\n<meta property=\"og:type\" content=\"article\" \/>\n<meta property=\"og:title\" content=\"Wedstrijd Grootmoederdag\" \/>\n<meta property=\"og:description\" content=\"Grootmoederdagwedstrijd met Erborian Grootmoederdag is een speciaal moment om de liefde, nabijheid en kostbare momenten tussen grootmoeders en hun kleinkinderen te vieren. Om deze gelegenheid een vleugje schoonheid en lieflijkheid...\" \/>\n<meta property=\"og:url\" content=\"https:\/\/happygrandsparents.be\/nl\/wedstrijd-grootmoederdag\/\" \/>\n<meta property=\"og:site_name\" content=\"HappyGrandsParents.be\" \/>\n<meta property=\"article:modified_time\" content=\"2025-02-26T09:07:49+00:00\" \/>\n<meta property=\"og:image\" content=\"https:\/\/happygrandsparents.be\/wp-content\/uploads\/2025\/02\/AVENT-PARTICIPATIONS-FRNL-1.png\" \/>\n\t<meta property=\"og:image:width\" content=\"2560\" \/>\n\t<meta property=\"og:image:height\" content=\"1439\" \/>\n\t<meta property=\"og:image:type\" content=\"image\/png\" \/>\n<meta name=\"twitter:card\" content=\"summary_large_image\" \/>\n<meta name=\"twitter:label1\" content=\"Geschatte leestijd\" \/>\n\t<meta name=\"twitter:data1\" content=\"2 minuten\" \/>\n<script type=\"application\/ld+json\" class=\"yoast-schema-graph\">{\"@context\":\"https:\\\/\\\/schema.org\",\"@graph\":[{\"@type\":\"WebPage\",\"@id\":\"https:\\\/\\\/happygrandsparents.be\\\/nl\\\/wedstrijd-grootmoederdag\\\/\",\"url\":\"https:\\\/\\\/happygrandsparents.be\\\/nl\\\/wedstrijd-grootmoederdag\\\/\",\"name\":\"Wedstrijd Grootmoederdag - HappyGrandsParents.be\",\"isPartOf\":{\"@id\":\"https:\\\/\\\/happygrandsparents.be\\\/#website\"},\"primaryImageOfPage\":{\"@id\":\"https:\\\/\\\/happygrandsparents.be\\\/nl\\\/wedstrijd-grootmoederdag\\\/#primaryimage\"},\"image\":{\"@id\":\"https:\\\/\\\/happygrandsparents.be\\\/nl\\\/wedstrijd-grootmoederdag\\\/#primaryimage\"},\"thumbnailUrl\":\"https:\\\/\\\/happygrandsparents.be\\\/wp-content\\\/uploads\\\/2025\\\/02\\\/AVENT-PARTICIPATIONS-FRNL-1.png\",\"datePublished\":\"2025-02-26T09:02:38+00:00\",\"dateModified\":\"2025-02-26T09:07:49+00:00\",\"breadcrumb\":{\"@id\":\"https:\\\/\\\/happygrandsparents.be\\\/nl\\\/wedstrijd-grootmoederdag\\\/#breadcrumb\"},\"inLanguage\":\"nl-NL\",\"potentialAction\":[{\"@type\":\"ReadAction\",\"target\":[\"https:\\\/\\\/happygrandsparents.be\\\/nl\\\/wedstrijd-grootmoederdag\\\/\"]}]},{\"@type\":\"ImageObject\",\"inLanguage\":\"nl-NL\",\"@id\":\"https:\\\/\\\/happygrandsparents.be\\\/nl\\\/wedstrijd-grootmoederdag\\\/#primaryimage\",\"url\":\"https:\\\/\\\/happygrandsparents.be\\\/wp-content\\\/uploads\\\/2025\\\/02\\\/AVENT-PARTICIPATIONS-FRNL-1.png\",\"contentUrl\":\"https:\\\/\\\/happygrandsparents.be\\\/wp-content\\\/uploads\\\/2025\\\/02\\\/AVENT-PARTICIPATIONS-FRNL-1.png\",\"width\":2560,\"height\":1439},{\"@type\":\"BreadcrumbList\",\"@id\":\"https:\\\/\\\/happygrandsparents.be\\\/nl\\\/wedstrijd-grootmoederdag\\\/#breadcrumb\",\"itemListElement\":[{\"@type\":\"ListItem\",\"position\":1,\"name\":\"Accueil\",\"item\":\"https:\\\/\\\/happygrandsparents.be\\\/nl\\\/\"},{\"@type\":\"ListItem\",\"position\":2,\"name\":\"Wedstrijd Grootmoederdag\"}]},{\"@type\":\"WebSite\",\"@id\":\"https:\\\/\\\/happygrandsparents.be\\\/#website\",\"url\":\"https:\\\/\\\/happygrandsparents.be\\\/\",\"name\":\"HappyGrandsParents.be\",\"description\":\"Le magazine des grands-parents en Belgique\",\"publisher\":{\"@id\":\"https:\\\/\\\/happygrandsparents.be\\\/#organization\"},\"potentialAction\":[{\"@type\":\"SearchAction\",\"target\":{\"@type\":\"EntryPoint\",\"urlTemplate\":\"https:\\\/\\\/happygrandsparents.be\\\/?s={search_term_string}\"},\"query-input\":{\"@type\":\"PropertyValueSpecification\",\"valueRequired\":true,\"valueName\":\"search_term_string\"}}],\"inLanguage\":\"nl-NL\"},{\"@type\":\"Organization\",\"@id\":\"https:\\\/\\\/happygrandsparents.be\\\/#organization\",\"name\":\"HappyGrandsParents.be\",\"url\":\"https:\\\/\\\/happygrandsparents.be\\\/\",\"logo\":{\"@type\":\"ImageObject\",\"inLanguage\":\"nl-NL\",\"@id\":\"https:\\\/\\\/happygrandsparents.be\\\/#\\\/schema\\\/logo\\\/image\\\/\",\"url\":\"https:\\\/\\\/happygrandsparents.be\\\/wp-content\\\/uploads\\\/2023\\\/10\\\/logo-happy-grands-parents.svg\",\"contentUrl\":\"https:\\\/\\\/happygrandsparents.be\\\/wp-content\\\/uploads\\\/2023\\\/10\\\/logo-happy-grands-parents.svg\",\"caption\":\"HappyGrandsParents.be\"},\"image\":{\"@id\":\"https:\\\/\\\/happygrandsparents.be\\\/#\\\/schema\\\/logo\\\/image\\\/\"}}]}<\/script>\n<!-- \/ Yoast SEO Premium plugin. -->","yoast_head_json":{"title":"Wedstrijd Grootmoederdag - HappyGrandsParents.be","robots":{"index":"index","follow":"follow","max-snippet":"max-snippet:-1","max-image-preview":"max-image-preview:large","max-video-preview":"max-video-preview:-1"},"canonical":"https:\/\/happygrandsparents.be\/nl\/wedstrijd-grootmoederdag\/","og_locale":"nl_NL","og_type":"article","og_title":"Wedstrijd Grootmoederdag","og_description":"Grootmoederdagwedstrijd met Erborian Grootmoederdag is een speciaal moment om de liefde, nabijheid en kostbare momenten tussen grootmoeders en hun kleinkinderen te vieren. Om deze gelegenheid een vleugje schoonheid en lieflijkheid...","og_url":"https:\/\/happygrandsparents.be\/nl\/wedstrijd-grootmoederdag\/","og_site_name":"HappyGrandsParents.be","article_modified_time":"2025-02-26T09:07:49+00:00","og_image":[{"width":2560,"height":1439,"url":"https:\/\/happygrandsparents.be\/wp-content\/uploads\/2025\/02\/AVENT-PARTICIPATIONS-FRNL-1.png","type":"image\/png"}],"twitter_card":"summary_large_image","twitter_misc":{"Geschatte leestijd":"2 minuten"},"schema":{"@context":"https:\/\/schema.org","@graph":[{"@type":"WebPage","@id":"https:\/\/happygrandsparents.be\/nl\/wedstrijd-grootmoederdag\/","url":"https:\/\/happygrandsparents.be\/nl\/wedstrijd-grootmoederdag\/","name":"Wedstrijd Grootmoederdag - HappyGrandsParents.be","isPartOf":{"@id":"https:\/\/happygrandsparents.be\/#website"},"primaryImageOfPage":{"@id":"https:\/\/happygrandsparents.be\/nl\/wedstrijd-grootmoederdag\/#primaryimage"},"image":{"@id":"https:\/\/happygrandsparents.be\/nl\/wedstrijd-grootmoederdag\/#primaryimage"},"thumbnailUrl":"https:\/\/happygrandsparents.be\/wp-content\/uploads\/2025\/02\/AVENT-PARTICIPATIONS-FRNL-1.png","datePublished":"2025-02-26T09:02:38+00:00","dateModified":"2025-02-26T09:07:49+00:00","breadcrumb":{"@id":"https:\/\/happygrandsparents.be\/nl\/wedstrijd-grootmoederdag\/#breadcrumb"},"inLanguage":"nl-NL","potentialAction":[{"@type":"ReadAction","target":["https:\/\/happygrandsparents.be\/nl\/wedstrijd-grootmoederdag\/"]}]},{"@type":"ImageObject","inLanguage":"nl-NL","@id":"https:\/\/happygrandsparents.be\/nl\/wedstrijd-grootmoederdag\/#primaryimage","url":"https:\/\/happygrandsparents.be\/wp-content\/uploads\/2025\/02\/AVENT-PARTICIPATIONS-FRNL-1.png","contentUrl":"https:\/\/happygrandsparents.be\/wp-content\/uploads\/2025\/02\/AVENT-PARTICIPATIONS-FRNL-1.png","width":2560,"height":1439},{"@type":"BreadcrumbList","@id":"https:\/\/happygrandsparents.be\/nl\/wedstrijd-grootmoederdag\/#breadcrumb","itemListElement":[{"@type":"ListItem","position":1,"name":"Accueil","item":"https:\/\/happygrandsparents.be\/nl\/"},{"@type":"ListItem","position":2,"name":"Wedstrijd Grootmoederdag"}]},{"@type":"WebSite","@id":"https:\/\/happygrandsparents.be\/#website","url":"https:\/\/happygrandsparents.be\/","name":"HappyGrandsParents.be","description":"Le magazine des grands-parents en Belgique","publisher":{"@id":"https:\/\/happygrandsparents.be\/#organization"},"potentialAction":[{"@type":"SearchAction","target":{"@type":"EntryPoint","urlTemplate":"https:\/\/happygrandsparents.be\/?s={search_term_string}"},"query-input":{"@type":"PropertyValueSpecification","valueRequired":true,"valueName":"search_term_string"}}],"inLanguage":"nl-NL"},{"@type":"Organization","@id":"https:\/\/happygrandsparents.be\/#organization","name":"HappyGrandsParents.be","url":"https:\/\/happygrandsparents.be\/","logo":{"@type":"ImageObject","inLanguage":"nl-NL","@id":"https:\/\/happygrandsparents.be\/#\/schema\/logo\/image\/","url":"https:\/\/happygrandsparents.be\/wp-content\/uploads\/2023\/10\/logo-happy-grands-parents.svg","contentUrl":"https:\/\/happygrandsparents.be\/wp-content\/uploads\/2023\/10\/logo-happy-grands-parents.svg","caption":"HappyGrandsParents.be"},"image":{"@id":"https:\/\/happygrandsparents.be\/#\/schema\/logo\/image\/"}}]}},"_links":{"self":[{"href":"https:\/\/happygrandsparents.be\/nl\/wp-json\/wp\/v2\/pages\/995601","targetHints":{"allow":["GET"]}}],"collection":[{"href":"https:\/\/happygrandsparents.be\/nl\/wp-json\/wp\/v2\/pages"}],"about":[{"href":"https:\/\/happygrandsparents.be\/nl\/wp-json\/wp\/v2\/types\/page"}],"author":[{"embeddable":true,"href":"https:\/\/happygrandsparents.be\/nl\/wp-json\/wp\/v2\/users\/7"}],"replies":[{"embeddable":true,"href":"https:\/\/happygrandsparents.be\/nl\/wp-json\/wp\/v2\/comments?post=995601"}],"version-history":[{"count":4,"href":"https:\/\/happygrandsparents.be\/nl\/wp-json\/wp\/v2\/pages\/995601\/revisions"}],"predecessor-version":[{"id":995607,"href":"https:\/\/happygrandsparents.be\/nl\/wp-json\/wp\/v2\/pages\/995601\/revisions\/995607"}],"wp:featuredmedia":[{"embeddable":true,"href":"https:\/\/happygrandsparents.be\/nl\/wp-json\/wp\/v2\/media\/995602"}],"wp:attachment":[{"href":"https:\/\/happygrandsparents.be\/nl\/wp-json\/wp\/v2\/media?parent=995601"}],"curies":[{"name":"wp","href":"https:\/\/api.w.org\/{rel}","templated":true}]}}