{"id":991128,"date":"2023-12-07T13:56:53","date_gmt":"2023-12-07T12:56:53","guid":{"rendered":"https:\/\/happygrandsparents.be\/winkelmand\/"},"modified":"2024-02-16T10:48:31","modified_gmt":"2024-02-16T09:48:31","slug":"winkelmand","status":"publish","type":"page","link":"https:\/\/happygrandsparents.be\/nl\/winkelmand\/","title":{"rendered":"Winkelmand"},"content":{"rendered":"\t\t<div data-elementor-type=\"wp-page\" data-elementor-id=\"991128\" class=\"elementor elementor-991128 elementor-989876\" data-elementor-post-type=\"page\">\n\t\t\t\t<div class=\"elementor-element elementor-element-0f203cf e-con-full e-flex e-con e-parent\" data-id=\"0f203cf\" data-element_type=\"container\" data-e-type=\"container\" data-settings=\"{&quot;background_background&quot;:&quot;classic&quot;}\">\n\t\t<div class=\"elementor-element elementor-element-10d94c2 e-flex e-con-boxed e-con e-child\" data-id=\"10d94c2\" data-element_type=\"container\" data-e-type=\"container\" data-settings=\"{&quot;background_background&quot;:&quot;classic&quot;}\">\n\t\t\t\t\t<div class=\"e-con-inner\">\n\t\t\t\t<div class=\"elementor-element elementor-element-e09e3e9 elementor-widget elementor-widget-heading\" data-id=\"e09e3e9\" data-element_type=\"widget\" data-e-type=\"widget\" data-widget_type=\"heading.default\">\n\t\t\t\t<div class=\"elementor-widget-container\">\n\t\t\t\t\t<h2 class=\"elementor-heading-title elementor-size-default\">Winkelmand<\/h2>\t\t\t\t<\/div>\n\t\t\t\t<\/div>\n\t\t\t\t\t<\/div>\n\t\t\t\t<\/div>\n\t\t\t\t<\/div>\n\t\t<div class=\"elementor-element elementor-element-4aefd260 e-flex e-con-boxed e-con e-parent\" data-id=\"4aefd260\" data-element_type=\"container\" data-e-type=\"container\" data-settings=\"{&quot;background_background&quot;:&quot;classic&quot;}\">\n\t\t\t\t\t<div class=\"e-con-inner\">\n\t\t\t\t\t<\/div>\n\t\t\t\t<\/div>\n\t\t\t\t<\/div>\n\t\t","protected":false},"excerpt":{"rendered":"<p>Winkelmand Your Cart Miniature Produit Prix Quantit\u00e9 Sous-total Supprimer l\u2019\u00e9l\u00e9ment Mon p&#8217;tit cahier grands-parents 7,90&euro; quantit\u00e9 de Mon p&#039;tit cahier grands-parents&nbsp; 15,80&euro; Winkelwagen bijwerken Totaal winkelmand Sous-total 15,80&euro; Exp\u00e9dition bpost:&#8230;<\/p>\n","protected":false},"author":1,"featured_media":0,"parent":0,"menu_order":0,"comment_status":"closed","ping_status":"closed","template":"","meta":{"footnotes":""},"class_list":["post-991128","page","type-page","status-publish","hentry"],"yoast_head":"<!-- This site is optimized with the Yoast SEO Premium plugin v20.5 (Yoast SEO v27.3) - https:\/\/yoast.com\/product\/yoast-seo-premium-wordpress\/ -->\n<title>Winkelmand - HappyGrandsParents.be<\/title>\n<meta name=\"robots\" content=\"index, follow, max-snippet:-1, max-image-preview:large, max-video-preview:-1\" \/>\n<link rel=\"canonical\" href=\"https:\/\/happygrandsparents.be\/panier\/\" \/>\n<meta property=\"og:locale\" content=\"nl_NL\" \/>\n<meta property=\"og:type\" content=\"article\" \/>\n<meta property=\"og:title\" content=\"Winkelmand\" \/>\n<meta property=\"og:description\" content=\"Winkelmand Your Cart Miniature Produit Prix Quantit\u00e9 Sous-total Supprimer l\u2019\u00e9l\u00e9ment Mon p&#8217;tit cahier grands-parents 7,90&euro; quantit\u00e9 de Mon p&#039;tit cahier grands-parents&nbsp; 15,80&euro; Winkelwagen bijwerken Totaal winkelmand Sous-total 15,80&euro; Exp\u00e9dition bpost:...\" \/>\n<meta property=\"og:url\" content=\"https:\/\/happygrandsparents.be\/panier\/\" \/>\n<meta property=\"og:site_name\" content=\"HappyGrandsParents.be\" \/>\n<meta property=\"article:modified_time\" content=\"2024-02-16T09:48:31+00:00\" \/>\n<meta property=\"og:image\" content=\"https:\/\/happygrandsparents.be\/wp-content\/uploads\/2023\/11\/IMG_4005-scaled-315x315.jpg\" \/>\n<meta name=\"twitter:card\" content=\"summary_large_image\" \/>\n<script type=\"application\/ld+json\" class=\"yoast-schema-graph\">{\"@context\":\"https:\\\/\\\/schema.org\",\"@graph\":[{\"@type\":\"WebPage\",\"@id\":\"https:\\\/\\\/happygrandsparents.be\\\/panier\\\/\",\"url\":\"https:\\\/\\\/happygrandsparents.be\\\/panier\\\/\",\"name\":\"Winkelmand - HappyGrandsParents.be\",\"isPartOf\":{\"@id\":\"https:\\\/\\\/happygrandsparents.be\\\/#website\"},\"primaryImageOfPage\":{\"@id\":\"https:\\\/\\\/happygrandsparents.be\\\/panier\\\/#primaryimage\"},\"image\":{\"@id\":\"https:\\\/\\\/happygrandsparents.be\\\/panier\\\/#primaryimage\"},\"thumbnailUrl\":\"https:\\\/\\\/happygrandsparents.be\\\/wp-content\\\/uploads\\\/2023\\\/11\\\/IMG_4005-scaled-315x315.jpg\",\"datePublished\":\"2023-12-07T12:56:53+00:00\",\"dateModified\":\"2024-02-16T09:48:31+00:00\",\"breadcrumb\":{\"@id\":\"https:\\\/\\\/happygrandsparents.be\\\/panier\\\/#breadcrumb\"},\"inLanguage\":\"nl-NL\",\"potentialAction\":[{\"@type\":\"ReadAction\",\"target\":[\"https:\\\/\\\/happygrandsparents.be\\\/panier\\\/\"]}]},{\"@type\":\"ImageObject\",\"inLanguage\":\"nl-NL\",\"@id\":\"https:\\\/\\\/happygrandsparents.be\\\/panier\\\/#primaryimage\",\"url\":\"https:\\\/\\\/happygrandsparents.be\\\/wp-content\\\/uploads\\\/2023\\\/11\\\/IMG_4005-scaled-315x315.jpg\",\"contentUrl\":\"https:\\\/\\\/happygrandsparents.be\\\/wp-content\\\/uploads\\\/2023\\\/11\\\/IMG_4005-scaled-315x315.jpg\"},{\"@type\":\"BreadcrumbList\",\"@id\":\"https:\\\/\\\/happygrandsparents.be\\\/panier\\\/#breadcrumb\",\"itemListElement\":[{\"@type\":\"ListItem\",\"position\":1,\"name\":\"Accueil\",\"item\":\"https:\\\/\\\/happygrandsparents.be\\\/nl\\\/\"},{\"@type\":\"ListItem\",\"position\":2,\"name\":\"Winkelmand\"}]},{\"@type\":\"WebSite\",\"@id\":\"https:\\\/\\\/happygrandsparents.be\\\/#website\",\"url\":\"https:\\\/\\\/happygrandsparents.be\\\/\",\"name\":\"HappyGrandsParents.be\",\"description\":\"Le magazine des grands-parents en Belgique\",\"publisher\":{\"@id\":\"https:\\\/\\\/happygrandsparents.be\\\/#organization\"},\"potentialAction\":[{\"@type\":\"SearchAction\",\"target\":{\"@type\":\"EntryPoint\",\"urlTemplate\":\"https:\\\/\\\/happygrandsparents.be\\\/?s={search_term_string}\"},\"query-input\":{\"@type\":\"PropertyValueSpecification\",\"valueRequired\":true,\"valueName\":\"search_term_string\"}}],\"inLanguage\":\"nl-NL\"},{\"@type\":\"Organization\",\"@id\":\"https:\\\/\\\/happygrandsparents.be\\\/#organization\",\"name\":\"HappyGrandsParents.be\",\"url\":\"https:\\\/\\\/happygrandsparents.be\\\/\",\"logo\":{\"@type\":\"ImageObject\",\"inLanguage\":\"nl-NL\",\"@id\":\"https:\\\/\\\/happygrandsparents.be\\\/#\\\/schema\\\/logo\\\/image\\\/\",\"url\":\"https:\\\/\\\/happygrandsparents.be\\\/wp-content\\\/uploads\\\/2023\\\/10\\\/logo-happy-grands-parents.svg\",\"contentUrl\":\"https:\\\/\\\/happygrandsparents.be\\\/wp-content\\\/uploads\\\/2023\\\/10\\\/logo-happy-grands-parents.svg\",\"caption\":\"HappyGrandsParents.be\"},\"image\":{\"@id\":\"https:\\\/\\\/happygrandsparents.be\\\/#\\\/schema\\\/logo\\\/image\\\/\"}}]}<\/script>\n<!-- \/ Yoast SEO Premium plugin. -->","yoast_head_json":{"title":"Winkelmand - HappyGrandsParents.be","robots":{"index":"index","follow":"follow","max-snippet":"max-snippet:-1","max-image-preview":"max-image-preview:large","max-video-preview":"max-video-preview:-1"},"canonical":"https:\/\/happygrandsparents.be\/panier\/","og_locale":"nl_NL","og_type":"article","og_title":"Winkelmand","og_description":"Winkelmand Your Cart Miniature Produit Prix Quantit\u00e9 Sous-total Supprimer l\u2019\u00e9l\u00e9ment Mon p&#8217;tit cahier grands-parents 7,90&euro; quantit\u00e9 de Mon p&#039;tit cahier grands-parents&nbsp; 15,80&euro; Winkelwagen bijwerken Totaal winkelmand Sous-total 15,80&euro; Exp\u00e9dition bpost:...","og_url":"https:\/\/happygrandsparents.be\/panier\/","og_site_name":"HappyGrandsParents.be","article_modified_time":"2024-02-16T09:48:31+00:00","og_image":[{"url":"https:\/\/happygrandsparents.be\/wp-content\/uploads\/2023\/11\/IMG_4005-scaled-315x315.jpg","type":"","width":"","height":""}],"twitter_card":"summary_large_image","schema":{"@context":"https:\/\/schema.org","@graph":[{"@type":"WebPage","@id":"https:\/\/happygrandsparents.be\/panier\/","url":"https:\/\/happygrandsparents.be\/panier\/","name":"Winkelmand - HappyGrandsParents.be","isPartOf":{"@id":"https:\/\/happygrandsparents.be\/#website"},"primaryImageOfPage":{"@id":"https:\/\/happygrandsparents.be\/panier\/#primaryimage"},"image":{"@id":"https:\/\/happygrandsparents.be\/panier\/#primaryimage"},"thumbnailUrl":"https:\/\/happygrandsparents.be\/wp-content\/uploads\/2023\/11\/IMG_4005-scaled-315x315.jpg","datePublished":"2023-12-07T12:56:53+00:00","dateModified":"2024-02-16T09:48:31+00:00","breadcrumb":{"@id":"https:\/\/happygrandsparents.be\/panier\/#breadcrumb"},"inLanguage":"nl-NL","potentialAction":[{"@type":"ReadAction","target":["https:\/\/happygrandsparents.be\/panier\/"]}]},{"@type":"ImageObject","inLanguage":"nl-NL","@id":"https:\/\/happygrandsparents.be\/panier\/#primaryimage","url":"https:\/\/happygrandsparents.be\/wp-content\/uploads\/2023\/11\/IMG_4005-scaled-315x315.jpg","contentUrl":"https:\/\/happygrandsparents.be\/wp-content\/uploads\/2023\/11\/IMG_4005-scaled-315x315.jpg"},{"@type":"BreadcrumbList","@id":"https:\/\/happygrandsparents.be\/panier\/#breadcrumb","itemListElement":[{"@type":"ListItem","position":1,"name":"Accueil","item":"https:\/\/happygrandsparents.be\/nl\/"},{"@type":"ListItem","position":2,"name":"Winkelmand"}]},{"@type":"WebSite","@id":"https:\/\/happygrandsparents.be\/#website","url":"https:\/\/happygrandsparents.be\/","name":"HappyGrandsParents.be","description":"Le magazine des grands-parents en Belgique","publisher":{"@id":"https:\/\/happygrandsparents.be\/#organization"},"potentialAction":[{"@type":"SearchAction","target":{"@type":"EntryPoint","urlTemplate":"https:\/\/happygrandsparents.be\/?s={search_term_string}"},"query-input":{"@type":"PropertyValueSpecification","valueRequired":true,"valueName":"search_term_string"}}],"inLanguage":"nl-NL"},{"@type":"Organization","@id":"https:\/\/happygrandsparents.be\/#organization","name":"HappyGrandsParents.be","url":"https:\/\/happygrandsparents.be\/","logo":{"@type":"ImageObject","inLanguage":"nl-NL","@id":"https:\/\/happygrandsparents.be\/#\/schema\/logo\/image\/","url":"https:\/\/happygrandsparents.be\/wp-content\/uploads\/2023\/10\/logo-happy-grands-parents.svg","contentUrl":"https:\/\/happygrandsparents.be\/wp-content\/uploads\/2023\/10\/logo-happy-grands-parents.svg","caption":"HappyGrandsParents.be"},"image":{"@id":"https:\/\/happygrandsparents.be\/#\/schema\/logo\/image\/"}}]}},"_links":{"self":[{"href":"https:\/\/happygrandsparents.be\/nl\/wp-json\/wp\/v2\/pages\/991128","targetHints":{"allow":["GET"]}}],"collection":[{"href":"https:\/\/happygrandsparents.be\/nl\/wp-json\/wp\/v2\/pages"}],"about":[{"href":"https:\/\/happygrandsparents.be\/nl\/wp-json\/wp\/v2\/types\/page"}],"author":[{"embeddable":true,"href":"https:\/\/happygrandsparents.be\/nl\/wp-json\/wp\/v2\/users\/1"}],"replies":[{"embeddable":true,"href":"https:\/\/happygrandsparents.be\/nl\/wp-json\/wp\/v2\/comments?post=991128"}],"version-history":[{"count":2,"href":"https:\/\/happygrandsparents.be\/nl\/wp-json\/wp\/v2\/pages\/991128\/revisions"}],"predecessor-version":[{"id":991566,"href":"https:\/\/happygrandsparents.be\/nl\/wp-json\/wp\/v2\/pages\/991128\/revisions\/991566"}],"wp:attachment":[{"href":"https:\/\/happygrandsparents.be\/nl\/wp-json\/wp\/v2\/media?parent=991128"}],"curies":[{"name":"wp","href":"https:\/\/api.w.org\/{rel}","templated":true}]}}