{"id":990074,"date":"2021-05-20T11:48:19","date_gmt":"2021-05-20T09:48:19","guid":{"rendered":"https:\/\/happygrandsparents.be\/retours-de-colis\/"},"modified":"2023-12-07T17:55:44","modified_gmt":"2023-12-07T16:55:44","slug":"retourzendingen","status":"publish","type":"page","link":"https:\/\/happygrandsparents.be\/nl\/retourzendingen\/","title":{"rendered":"Retourzendingen"},"content":{"rendered":"<div class=\"vgblk-rw-wrapper limit-wrapper\">\n<p style=\"margin: 0cm 0cm 1rem; font-size: 12pt; font-family: 'Times New Roman', serif; color: #000000; font-style: normal; font-weight: 400; background-image: initial; background-position: initial; background-size: initial; background-repeat: initial; background-attachment: initial; background-origin: initial; background-clip: initial; overflow-wrap: break-word;\">Nos pi\u00e8ces peuvent \u00eatre retourn\u00e9es si elles ne vous conviennent pas, voici la proc\u00e9dure pour renvoyer votre colis (renvoi \u00e0 vos frais) :<\/p>\n<ol>\n<li style=\"font-size: 12pt; font-family: 'Times New Roman', serif; color: #000000; font-style: normal; font-weight: 400; background-image: initial; background-position: initial; background-size: initial; background-repeat: initial; background-attachment: initial; background-origin: initial; background-clip: initial; overflow-wrap: break-word;\">Utilisez le formulaire de contact en mentionnant la cause de retour (de pr\u00e9f\u00e9rence avec une photo si le colis ou la pi\u00e8ce a \u00e9t\u00e9 endommag\u00e9).<\/li>\n<li style=\"font-size: 12pt; font-family: 'Times New Roman', serif; color: #000000; font-style: normal; font-weight: 400; background-image: initial; background-position: initial; background-size: initial; background-repeat: initial; background-attachment: initial; background-origin: initial; background-clip: initial; overflow-wrap: break-word;\">Si vous souhaitez recevoir \u00e0 nouveau le colis (dans une autre taille), mentionnez-le. Nous vous le renverrons au plus vite (sous r\u00e9serve de stock et apr\u00e8s r\u00e9ception du colis original)<\/li>\n<li style=\"font-size: 12pt; font-family: 'Times New Roman', serif; color: #000000; font-style: normal; font-weight: 400; background-image: initial; background-position: initial; background-size: initial; background-repeat: initial; background-attachment: initial; background-origin: initial; background-clip: initial; overflow-wrap: break-word;\">Si vous souhaitez un remboursement sous forme de bon d\u2019achat, mentionnez-le. Vous recevrez un avoir \u00e9gal au montant de vos achats (non-inclus les frais de livraison) que vous pourrez utiliser lors de votre prochaine commande. Cet avoir aura une dur\u00e9e de validit\u00e9 d\u2019un an.<\/li>\n<li style=\"font-size: 12pt; font-family: 'Times New Roman', serif; color: #000000; font-style: normal; font-weight: 400; background-image: initial; background-position: initial; background-size: initial; background-repeat: initial; background-attachment: initial; background-origin: initial; background-clip: initial; overflow-wrap: break-word;\">Si vous souhaitez un remboursement, merci de nous le notifier lors de l\u2019envoi de votre mail.<\/li>\n<li style=\"font-size: 12pt; font-family: 'Times New Roman', serif; color: #000000; font-style: normal; font-weight: 400; background-image: initial; background-position: initial; background-size: initial; background-repeat: initial; background-attachment: initial; background-origin: initial; background-clip: initial; overflow-wrap: break-word;\">Adresse de renvoi : Les Crieurs, Batiment The Gate, Avenue Jean Monnet 1, 1401 Nivelles<\/li>\n<li style=\"font-size: 12pt; font-family: 'Times New Roman', serif; color: #000000; font-style: normal; font-weight: 400; background-image: initial; background-position: initial; background-size: initial; background-repeat: initial; background-attachment: initial; background-origin: initial; background-clip: initial; overflow-wrap: break-word;\">Les retours et remboursements seront trait\u00e9s dans les 14 jours apr\u00e8s l\u2019exercice du droit de r\u00e9tractation.<\/li>\n<\/ol>\n<p>\u00a0<\/p><\/div>\n<p><!-- .vgblk-rw-wrapper --><\/p>\n","protected":false},"excerpt":{"rendered":"<p>Nos pi\u00e8ces peuvent \u00eatre retourn\u00e9es si elles ne vous conviennent pas, voici la proc\u00e9dure pour renvoyer votre colis (renvoi \u00e0 vos frais) : Utilisez le formulaire de contact en mentionnant&#8230;<\/p>\n","protected":false},"author":3,"featured_media":0,"parent":0,"menu_order":0,"comment_status":"closed","ping_status":"closed","template":"","meta":{"footnotes":""},"class_list":["post-990074","page","type-page","status-publish","hentry"],"yoast_head":"<!-- This site is optimized with the Yoast SEO Premium plugin v20.5 (Yoast SEO v27.4) - https:\/\/yoast.com\/product\/yoast-seo-premium-wordpress\/ -->\n<title>Retourzendingen - HappyGrandsParents.be<\/title>\n<meta name=\"robots\" content=\"index, follow, max-snippet:-1, max-image-preview:large, max-video-preview:-1\" \/>\n<link rel=\"canonical\" href=\"https:\/\/happygrandsparents.be\/nl\/retourzendingen\/\" \/>\n<meta property=\"og:locale\" content=\"nl_NL\" \/>\n<meta property=\"og:type\" content=\"article\" \/>\n<meta property=\"og:title\" content=\"Retourzendingen\" \/>\n<meta property=\"og:description\" content=\"Nos pi\u00e8ces peuvent \u00eatre retourn\u00e9es si elles ne vous conviennent pas, voici la proc\u00e9dure pour renvoyer votre colis (renvoi \u00e0 vos frais) : Utilisez le formulaire de contact en mentionnant...\" \/>\n<meta property=\"og:url\" content=\"https:\/\/happygrandsparents.be\/nl\/retourzendingen\/\" \/>\n<meta property=\"og:site_name\" content=\"HappyGrandsParents.be\" \/>\n<meta property=\"article:modified_time\" content=\"2023-12-07T16:55:44+00:00\" \/>\n<meta name=\"twitter:card\" content=\"summary_large_image\" \/>\n<meta name=\"twitter:label1\" content=\"Geschatte leestijd\" \/>\n\t<meta name=\"twitter:data1\" content=\"1 minuut\" \/>\n<script type=\"application\/ld+json\" class=\"yoast-schema-graph\">{\"@context\":\"https:\\\/\\\/schema.org\",\"@graph\":[{\"@type\":\"WebPage\",\"@id\":\"https:\\\/\\\/happygrandsparents.be\\\/nl\\\/retourzendingen\\\/\",\"url\":\"https:\\\/\\\/happygrandsparents.be\\\/nl\\\/retourzendingen\\\/\",\"name\":\"Retourzendingen - HappyGrandsParents.be\",\"isPartOf\":{\"@id\":\"https:\\\/\\\/happygrandsparents.be\\\/#website\"},\"datePublished\":\"2021-05-20T09:48:19+00:00\",\"dateModified\":\"2023-12-07T16:55:44+00:00\",\"breadcrumb\":{\"@id\":\"https:\\\/\\\/happygrandsparents.be\\\/nl\\\/retourzendingen\\\/#breadcrumb\"},\"inLanguage\":\"nl-NL\",\"potentialAction\":[{\"@type\":\"ReadAction\",\"target\":[\"https:\\\/\\\/happygrandsparents.be\\\/nl\\\/retourzendingen\\\/\"]}]},{\"@type\":\"BreadcrumbList\",\"@id\":\"https:\\\/\\\/happygrandsparents.be\\\/nl\\\/retourzendingen\\\/#breadcrumb\",\"itemListElement\":[{\"@type\":\"ListItem\",\"position\":1,\"name\":\"Accueil\",\"item\":\"https:\\\/\\\/happygrandsparents.be\\\/nl\\\/\"},{\"@type\":\"ListItem\",\"position\":2,\"name\":\"Retourzendingen\"}]},{\"@type\":\"WebSite\",\"@id\":\"https:\\\/\\\/happygrandsparents.be\\\/#website\",\"url\":\"https:\\\/\\\/happygrandsparents.be\\\/\",\"name\":\"HappyGrandsParents.be\",\"description\":\"Le magazine des grands-parents en Belgique\",\"publisher\":{\"@id\":\"https:\\\/\\\/happygrandsparents.be\\\/#organization\"},\"potentialAction\":[{\"@type\":\"SearchAction\",\"target\":{\"@type\":\"EntryPoint\",\"urlTemplate\":\"https:\\\/\\\/happygrandsparents.be\\\/?s={search_term_string}\"},\"query-input\":{\"@type\":\"PropertyValueSpecification\",\"valueRequired\":true,\"valueName\":\"search_term_string\"}}],\"inLanguage\":\"nl-NL\"},{\"@type\":\"Organization\",\"@id\":\"https:\\\/\\\/happygrandsparents.be\\\/#organization\",\"name\":\"HappyGrandsParents.be\",\"url\":\"https:\\\/\\\/happygrandsparents.be\\\/\",\"logo\":{\"@type\":\"ImageObject\",\"inLanguage\":\"nl-NL\",\"@id\":\"https:\\\/\\\/happygrandsparents.be\\\/#\\\/schema\\\/logo\\\/image\\\/\",\"url\":\"https:\\\/\\\/happygrandsparents.be\\\/wp-content\\\/uploads\\\/2023\\\/10\\\/logo-happy-grands-parents.svg\",\"contentUrl\":\"https:\\\/\\\/happygrandsparents.be\\\/wp-content\\\/uploads\\\/2023\\\/10\\\/logo-happy-grands-parents.svg\",\"caption\":\"HappyGrandsParents.be\"},\"image\":{\"@id\":\"https:\\\/\\\/happygrandsparents.be\\\/#\\\/schema\\\/logo\\\/image\\\/\"}}]}<\/script>\n<!-- \/ Yoast SEO Premium plugin. -->","yoast_head_json":{"title":"Retourzendingen - HappyGrandsParents.be","robots":{"index":"index","follow":"follow","max-snippet":"max-snippet:-1","max-image-preview":"max-image-preview:large","max-video-preview":"max-video-preview:-1"},"canonical":"https:\/\/happygrandsparents.be\/nl\/retourzendingen\/","og_locale":"nl_NL","og_type":"article","og_title":"Retourzendingen","og_description":"Nos pi\u00e8ces peuvent \u00eatre retourn\u00e9es si elles ne vous conviennent pas, voici la proc\u00e9dure pour renvoyer votre colis (renvoi \u00e0 vos frais) : Utilisez le formulaire de contact en mentionnant...","og_url":"https:\/\/happygrandsparents.be\/nl\/retourzendingen\/","og_site_name":"HappyGrandsParents.be","article_modified_time":"2023-12-07T16:55:44+00:00","twitter_card":"summary_large_image","twitter_misc":{"Geschatte leestijd":"1 minuut"},"schema":{"@context":"https:\/\/schema.org","@graph":[{"@type":"WebPage","@id":"https:\/\/happygrandsparents.be\/nl\/retourzendingen\/","url":"https:\/\/happygrandsparents.be\/nl\/retourzendingen\/","name":"Retourzendingen - HappyGrandsParents.be","isPartOf":{"@id":"https:\/\/happygrandsparents.be\/#website"},"datePublished":"2021-05-20T09:48:19+00:00","dateModified":"2023-12-07T16:55:44+00:00","breadcrumb":{"@id":"https:\/\/happygrandsparents.be\/nl\/retourzendingen\/#breadcrumb"},"inLanguage":"nl-NL","potentialAction":[{"@type":"ReadAction","target":["https:\/\/happygrandsparents.be\/nl\/retourzendingen\/"]}]},{"@type":"BreadcrumbList","@id":"https:\/\/happygrandsparents.be\/nl\/retourzendingen\/#breadcrumb","itemListElement":[{"@type":"ListItem","position":1,"name":"Accueil","item":"https:\/\/happygrandsparents.be\/nl\/"},{"@type":"ListItem","position":2,"name":"Retourzendingen"}]},{"@type":"WebSite","@id":"https:\/\/happygrandsparents.be\/#website","url":"https:\/\/happygrandsparents.be\/","name":"HappyGrandsParents.be","description":"Le magazine des grands-parents en Belgique","publisher":{"@id":"https:\/\/happygrandsparents.be\/#organization"},"potentialAction":[{"@type":"SearchAction","target":{"@type":"EntryPoint","urlTemplate":"https:\/\/happygrandsparents.be\/?s={search_term_string}"},"query-input":{"@type":"PropertyValueSpecification","valueRequired":true,"valueName":"search_term_string"}}],"inLanguage":"nl-NL"},{"@type":"Organization","@id":"https:\/\/happygrandsparents.be\/#organization","name":"HappyGrandsParents.be","url":"https:\/\/happygrandsparents.be\/","logo":{"@type":"ImageObject","inLanguage":"nl-NL","@id":"https:\/\/happygrandsparents.be\/#\/schema\/logo\/image\/","url":"https:\/\/happygrandsparents.be\/wp-content\/uploads\/2023\/10\/logo-happy-grands-parents.svg","contentUrl":"https:\/\/happygrandsparents.be\/wp-content\/uploads\/2023\/10\/logo-happy-grands-parents.svg","caption":"HappyGrandsParents.be"},"image":{"@id":"https:\/\/happygrandsparents.be\/#\/schema\/logo\/image\/"}}]}},"_links":{"self":[{"href":"https:\/\/happygrandsparents.be\/nl\/wp-json\/wp\/v2\/pages\/990074","targetHints":{"allow":["GET"]}}],"collection":[{"href":"https:\/\/happygrandsparents.be\/nl\/wp-json\/wp\/v2\/pages"}],"about":[{"href":"https:\/\/happygrandsparents.be\/nl\/wp-json\/wp\/v2\/types\/page"}],"author":[{"embeddable":true,"href":"https:\/\/happygrandsparents.be\/nl\/wp-json\/wp\/v2\/users\/3"}],"replies":[{"embeddable":true,"href":"https:\/\/happygrandsparents.be\/nl\/wp-json\/wp\/v2\/comments?post=990074"}],"version-history":[{"count":1,"href":"https:\/\/happygrandsparents.be\/nl\/wp-json\/wp\/v2\/pages\/990074\/revisions"}],"predecessor-version":[{"id":990116,"href":"https:\/\/happygrandsparents.be\/nl\/wp-json\/wp\/v2\/pages\/990074\/revisions\/990116"}],"wp:attachment":[{"href":"https:\/\/happygrandsparents.be\/nl\/wp-json\/wp\/v2\/media?parent=990074"}],"curies":[{"name":"wp","href":"https:\/\/api.w.org\/{rel}","templated":true}]}}